{"id":2,"date":"2015-02-14T15:17:09","date_gmt":"2015-02-14T15:17:09","guid":{"rendered":"http:\/\/www.kartshopitalia.it\/wp\/?page_id=2"},"modified":"2026-05-05T17:28:21","modified_gmt":"2026-05-05T15:28:21","slug":"pagina-di-esempio","status":"publish","type":"page","link":"https:\/\/www.kartshopitalia.it\/","title":{"rendered":"Kart-Shop Italia"},"content":{"rendered":"\n<p><strong>Orari di apertura: luned\u00ec \u2013 venerd\u00ec da 14-17<\/strong><\/p>\n\n\n\n<p class=\"has-white-color has-vivid-cyan-blue-background-color has-text-color has-background\"><strong>Con la presente siamo ad informarvi  che la ditta rimarr\u00e3 chiusa: <\/strong><br>Luned\u00ec, 8 dicembre per festivit\u00e0 nazionale<br>Luned\u00ec, 22 dicembre 2025 fino a domenica 11 gennaio 2026 per le festivit\u00e0 natalizie<\/p>\n\n\n\n<div class=\"wp-block-media-text alignwide is-stacked-on-mobile\"><figure class=\"wp-block-media-text__media\"><a href=\"https:\/\/rotaxmaxkart.it\"><img loading=\"lazy\" decoding=\"async\" width=\"800\" height=\"303\" src=\"https:\/\/www.kartshopitalia.it\/wp-content\/uploads\/2023\/03\/Logo-RMC-Italy-png-800.jpg\" alt=\"\" class=\"wp-image-347 size-full\" srcset=\"https:\/\/www.kartshopitalia.it\/wp-content\/uploads\/2023\/03\/Logo-RMC-Italy-png-800.jpg 800w, https:\/\/www.kartshopitalia.it\/wp-content\/uploads\/2023\/03\/Logo-RMC-Italy-png-800-300x114.jpg 300w, https:\/\/www.kartshopitalia.it\/wp-content\/uploads\/2023\/03\/Logo-RMC-Italy-png-800-768x291.jpg 768w\" sizes=\"auto, (max-width: 800px) 100vw, 800px\" \/><\/a><\/figure><div class=\"wp-block-media-text__content\">\n<p class=\"has-large-font-size\">Organizziamo il <strong>ROTAX MAX CHALLENGE ITALIA<\/strong><br><em>In collaborazione con i <a rel=\"noreferrer noopener\" href=\"https:\/\/www.rotaxmaxkart.it\/centroservizi\/\" target=\"_blank\">centro servizi Rotax Italia<\/a><\/em><\/p>\n<\/div><\/div>\n\n\n\n<div class=\"wp-block-media-text alignwide is-stacked-on-mobile\"><figure class=\"wp-block-media-text__media\"><img loading=\"lazy\" decoding=\"async\" width=\"800\" height=\"640\" src=\"https:\/\/www.kartshopitalia.it\/wp-content\/uploads\/2022\/02\/motore-dd2.jpg\" alt=\"\" class=\"wp-image-282 size-full\" srcset=\"https:\/\/www.kartshopitalia.it\/wp-content\/uploads\/2022\/02\/motore-dd2.jpg 800w, https:\/\/www.kartshopitalia.it\/wp-content\/uploads\/2022\/02\/motore-dd2-300x240.jpg 300w, https:\/\/www.kartshopitalia.it\/wp-content\/uploads\/2022\/02\/motore-dd2-768x614.jpg 768w\" sizes=\"auto, (max-width: 800px) 100vw, 800px\" \/><\/figure><div class=\"wp-block-media-text__content\">\n<p class=\"has-large-font-size\">Siamo importatore motori Rotax, olio XPS e pneumatici MOJO per l&#8217;Italia<\/p>\n<\/div><\/div>\n\n\n\n<div class=\"wp-block-media-text alignwide is-stacked-on-mobile\"><figure class=\"wp-block-media-text__media\"><a href=\"https:\/\/www.kartshopitalia.it\/?page_id=239\"><img loading=\"lazy\" decoding=\"async\" width=\"800\" height=\"600\" src=\"https:\/\/www.kartshopitalia.it\/wp-content\/uploads\/2024\/09\/2024-Teaser-Listino-Prezzi.jpg\" alt=\"\" class=\"wp-image-418 size-full\" srcset=\"https:\/\/www.kartshopitalia.it\/wp-content\/uploads\/2024\/09\/2024-Teaser-Listino-Prezzi.jpg 800w, https:\/\/www.kartshopitalia.it\/wp-content\/uploads\/2024\/09\/2024-Teaser-Listino-Prezzi-300x225.jpg 300w, https:\/\/www.kartshopitalia.it\/wp-content\/uploads\/2024\/09\/2024-Teaser-Listino-Prezzi-768x576.jpg 768w, https:\/\/www.kartshopitalia.it\/wp-content\/uploads\/2024\/09\/2024-Teaser-Listino-Prezzi-400x300.jpg 400w\" sizes=\"auto, (max-width: 800px) 100vw, 800px\" \/><\/a><\/figure><div class=\"wp-block-media-text__content\">\n<h2 class=\"wp-block-heading\" id=\"listino-prezzi-rotax\"><a href=\"https:\/\/www.kartshopitalia.it\/?page_id=239\">Listino Prezzi Rotax<\/a><\/h2>\n\n\n\n<p><\/p>\n<\/div><\/div>\n\n\n<h1 class=\"Text\"><strong>Informazioni<\/strong><\/h1>\n<h3 class=\"Text\"><strong>Kart-Shop Italia s.r.l.<br \/><\/strong><strong>Via Serio 5\/7\/9 , <\/strong><strong>25015 Desenzano del Garda (BS)<br \/><\/strong><span class=\"Text\"><strong>Telefono +39 030 915 85 33<br \/><\/strong><\/span><\/h3>\n<h4 class=\"Text\"><strong><span class=\"Text\"><a href=\"mailto:info@kartshopitalia.it\">info@kartshopitalia.it<\/a><\/span> <\/strong><\/h4>\n<p class=\"Text\"><strong>P.Iva IT03464320989, <\/strong><strong>Codice SDI M5UXCR1 \/ <\/strong>Numero REA 03464320989<\/p>\n<p>Banca Valsabbina \/ IBAN <strong>IT78U0511654669000000022181<\/strong><\/p>\n<p><strong>\u00a0<\/strong><strong><a href=\"https:\/\/www.kartshopitalia.it\/?page_id=201\">Termini e condizioni d&#8217;uso<\/a><\/strong><\/p>","protected":false},"excerpt":{"rendered":"<p>Orari di apertura: luned\u00ec \u2013 venerd\u00ec da 14-17 Con la presente siamo ad informarvi che la ditta rimarr\u00e3 chiusa: Luned\u00ec,<\/p>\n","protected":false},"author":1,"featured_media":0,"parent":0,"menu_order":0,"comment_status":"open","ping_status":"open","template":"","meta":{"_themeisle_gutenberg_block_has_review":false,"footnotes":""},"class_list":["post-2","page","type-page","status-publish","hentry"],"_links":{"self":[{"href":"https:\/\/www.kartshopitalia.it\/index.php?rest_route=\/wp\/v2\/pages\/2","targetHints":{"allow":["GET"]}}],"collection":[{"href":"https:\/\/www.kartshopitalia.it\/index.php?rest_route=\/wp\/v2\/pages"}],"about":[{"href":"https:\/\/www.kartshopitalia.it\/index.php?rest_route=\/wp\/v2\/types\/page"}],"author":[{"embeddable":true,"href":"https:\/\/www.kartshopitalia.it\/index.php?rest_route=\/wp\/v2\/users\/1"}],"replies":[{"embeddable":true,"href":"https:\/\/www.kartshopitalia.it\/index.php?rest_route=%2Fwp%2Fv2%2Fcomments&post=2"}],"version-history":[{"count":120,"href":"https:\/\/www.kartshopitalia.it\/index.php?rest_route=\/wp\/v2\/pages\/2\/revisions"}],"predecessor-version":[{"id":485,"href":"https:\/\/www.kartshopitalia.it\/index.php?rest_route=\/wp\/v2\/pages\/2\/revisions\/485"}],"wp:attachment":[{"href":"https:\/\/www.kartshopitalia.it\/index.php?rest_route=%2Fwp%2Fv2%2Fmedia&parent=2"}],"curies":[{"name":"wp","href":"https:\/\/api.w.org\/{rel}","templated":true}]}}